{"id":5220,"date":"2023-05-05T10:06:38","date_gmt":"2023-05-05T08:06:38","guid":{"rendered":"https:\/\/vivolab-dev.i3a.es\/?page_id=5220"},"modified":"2023-11-02T14:30:18","modified_gmt":"2023-11-02T12:30:18","slug":"phd-thesis-completed","status":"publish","type":"page","link":"https:\/\/vivolab.i3a.es\/es\/phd-thesis-completed\/","title":{"rendered":"PHD\u00a0Thesis completed"},"content":{"rendered":"<div id=\"pl-gb5220-69e95bafdf92a\"  class=\"panel-layout\" ><div id=\"pg-gb5220-69e95bafdf92a-0\"  class=\"panel-grid panel-has-style\" ><div class=\"siteorigin-panels-stretch panel-row-style panel-row-style-for-gb5220-69e95bafdf92a-0\" data-stretch-type=\"full-width-stretch\" ><div id=\"pgc-gb5220-69e95bafdf92a-0-0\"  class=\"panel-grid-cell\" ><div id=\"panel-gb5220-69e95bafdf92a-0-0-0\" class=\"so-panel widget widget_sow-hero panel-first-child panel-last-child\" data-index=\"0\" ><div\n\t\t\t\n\t\t\tclass=\"so-widget-sow-hero so-widget-sow-hero-default-277c047652f8-5220 so-widget-fittext-wrapper\"\n\t\t\t data-fit-text-compressor=\"0.85\"\n\t\t>\t\t\t\t<div class=\"sow-slider-base\" style=\"display: none\" tabindex=\"0\">\n\t\t\t\t\t<ul\n\t\t\t\t\tclass=\"sow-slider-images\"\n\t\t\t\t\tdata-settings=\"{&quot;pagination&quot;:true,&quot;speed&quot;:800,&quot;timeout&quot;:8000,&quot;paused&quot;:false,&quot;pause_on_hover&quot;:false,&quot;swipe&quot;:true,&quot;nav_always_show_desktop&quot;:&quot;&quot;,&quot;nav_always_show_mobile&quot;:&quot;&quot;,&quot;breakpoint&quot;:&quot;780px&quot;,&quot;unmute&quot;:false,&quot;anchor&quot;:null}\"\n\t\t\t\t\t\t\t\t\t\tdata-anchor-id=\"\"\n\t\t\t\t>\t\t<li class=\"sow-slider-image  sow-slider-image-cover\" style=\"visibility: visible;;background-color: #ee7d00;background-image: url(https:\/\/vivolab.i3a.es\/wp-content\/uploads\/2021\/07\/tesis-scaled-e1626426567818.jpg)\" >\n\t\t\t\t\t<div class=\"sow-slider-image-container\">\n\t\t\t<div class=\"sow-slider-image-wrapper\">\n\t\t\t\t<h1 style=\"text-align: center\"><strong>PHD\u00a0Thesis completed<\/strong><\/h1>\t\t\t<\/div>\n\t\t<\/div>\n\t\t\t\t<\/li>\n\t\t<\/ul>\t\t\t\t<ol class=\"sow-slider-pagination\">\n\t\t\t\t\t\t\t\t\t\t\t<li><a href=\"#\" data-goto=\"0\" aria-label=\"mostrar diapositiva 1\"><\/a><\/li>\n\t\t\t\t\t\t\t\t\t<\/ol>\n\n\t\t\t\t<div class=\"sow-slide-nav sow-slide-nav-next\">\n\t\t\t\t\t<a href=\"#\" data-goto=\"next\" aria-label=\"diapositiva siguiente\" data-action=\"next\">\n\t\t\t\t\t\t<em class=\"sow-sld-icon-thin-right\"><\/em>\n\t\t\t\t\t<\/a>\n\t\t\t\t<\/div>\n\n\t\t\t\t<div class=\"sow-slide-nav sow-slide-nav-prev\">\n\t\t\t\t\t<a href=\"#\" data-goto=\"previous\" aria-label=\"diapositiva anterior\" data-action=\"prev\">\n\t\t\t\t\t\t<em class=\"sow-sld-icon-thin-left\"><\/em>\n\t\t\t\t\t<\/a>\n\t\t\t\t<\/div>\n\t\t\t\t<\/div><\/div><\/div><\/div><\/div><\/div><\/div>\n\n<div id=\"pl-gb5220-69e95bafe05d0\"  class=\"panel-layout\" ><div id=\"pg-gb5220-69e95bafe05d0-0\"  class=\"panel-grid panel-no-style\" ><div id=\"pgc-gb5220-69e95bafe05d0-0-0\"  class=\"panel-grid-cell\" ><div id=\"panel-gb5220-69e95bafe05d0-0-0-0\" class=\"so-panel widget widget_sow-editor panel-first-child panel-last-child\" data-index=\"0\" ><div\n\t\t\t\n\t\t\tclass=\"so-widget-sow-editor so-widget-sow-editor-base\"\n\t\t\t\n\t\t>\n<div class=\"siteorigin-widget-tinymce textwidget\">\n\t<div class=\"kc-elm kc-css-832591 kc_text_block\">\n<hr \/>\n<p><strong>Author<\/strong>: Pablo Gimeno Jord\u00e1n<\/p>\n<p><strong>Title<\/strong>: <a href=\"https:\/\/zaguan.unizar.es\/record\/127136?ln=es\">Advances in Binary and Multiclass Audio Segmentation with Deep Learning Techniques<\/a><\/p>\n<p><strong>Date<\/strong>: May 2023<\/p>\n<p><strong>Supervisor<\/strong>: Dr. Alfonso Ortega Gim\u00e9nez<\/p>\n<hr \/>\n<p><strong>Author<\/strong>: Victoria Mingote Bueno<\/p>\n<p><strong>Title<\/strong>:\u00a0<a href=\"https:\/\/zaguan.unizar.es\/record\/118106\/\">Representation and Metric Learning Advances for Deep Neural Network Face and Speaker Biometric Systems<\/a><\/p>\n<p><strong>Date<\/strong>: May 2022<\/p>\n<p><strong>Supervisor<\/strong>: Dr. Antonio Miguel Artiaga<\/p>\n<\/div>\n<div class=\"kc-elm kc-css-282030 divider_line\">\n<div class=\"divider_inner divider_line1\">\n<hr \/>\n<\/div>\n<\/div>\n<div class=\"kc-elm kc-css-10060 kc_text_block\">\n<p><strong>Author<\/strong>: Ignacio Vi\u00f1als Bailo<\/p>\n<p><strong>Title<\/strong>:\u00a0<a href=\"https:\/\/zaguan.unizar.es\/record\/99805?ln=en\">Advances in Subspace-based Solutions for Diarization in the Broadcast Domain<\/a><\/p>\n<p><strong>Date<\/strong>: April 2020<\/p>\n<p><strong>Supervisor<\/strong>: Dr. Alfonso Ortega Gim\u00e9nez<\/p>\n<\/div>\n<div class=\"kc-elm kc-css-791477 divider_line\">\n<div class=\"divider_inner divider_line1\">\n<hr \/>\n<\/div>\n<\/div>\n<div class=\"kc-elm kc-css-994053 kc_text_block\">\n<p><strong>Author<\/strong>: David Martinez Gonz\u00e1lez<\/p>\n<p><strong>Title<\/strong>:\u00a0<a href=\"https:\/\/zaguan.unizar.es\/record\/31899?ln=en\">Subspace Gaussian Mixture Models for Language Identification and Dysarthric Speech<\/a><\/p>\n<p><strong>Date<\/strong>: September 2015<\/p>\n<p><strong>Supervisor<\/strong>: Dr. Eduardo Lleida Solano and Dr. Antonio Miguel Artiaga<\/p>\n<\/div>\n<div class=\"kc-elm kc-css-180293 divider_line\">\n<div class=\"divider_inner divider_line1\">\n<hr \/>\n<\/div>\n<\/div>\n<div class=\"kc-elm kc-css-368193 kc_text_block\">\n<p><strong>Author<\/strong>: Diego Cast\u00e1n Lavilla<\/p>\n<p><strong>Title<\/strong>:\u00a0<a href=\"http:\/\/vivolab.unizar.es\/docs\/thesisFinal-Diego_Castan.pdf\">Advances on Audio Segmentation and Audio Content Description for Multimedia Documents<br \/>\n<\/a><\/p>\n<p><strong>Date<\/strong>: November 2014<\/p>\n<p><strong>Supervisor<\/strong>: Dr. Alfonso Ortega Gim\u00e9nez<\/p>\n<\/div>\n<div class=\"kc-elm kc-css-385371 divider_line\">\n<div class=\"divider_inner divider_line1\">\n<hr \/>\n<\/div>\n<\/div>\n<div class=\"kc-elm kc-css-379952 kc_text_block\">\n<p><strong>Author<\/strong>: Jes\u00fas Antonio Villalba L\u00f3pez<\/p>\n<p><strong>Title<\/strong>:\u00a0<a href=\"http:\/\/vivolab.unizar.es\/docs\/thesis_villalba.pdf\">Advances on Speaker Recognition in non Collaborative Environments<\/a><\/p>\n<p><strong>Date<\/strong>: October 2014<\/p>\n<p><strong>Supervisor<\/strong>: Dr. Eduardo Lleida Solano<\/p>\n<\/div>\n<div class=\"kc-elm kc-css-528898 divider_line\">\n<div class=\"divider_inner divider_line1\">\n<hr \/>\n<\/div>\n<\/div>\n<div class=\"kc-elm kc-css-282962 kc_text_block\">\n<p><strong>Author<\/strong>: Leibny Paola Garc\u00eda Perera<\/p>\n<p><strong>Title<\/strong>:\u00a0<a href=\"http:\/\/vivolab.unizar.es\/docs\/thesis-Paola.pdf\">Discriminative methods for model optimization in Speaker Verification<\/a><\/p>\n<p><strong>Date<\/strong>: May 2014<\/p>\n<p><strong>Supervisor<\/strong>: Dr. Juan Arturo Nolazco Flores and Dr. Eduardo Lleida Solano<\/p>\n<\/div>\n<div class=\"kc-elm kc-css-213709 divider_line\">\n<div class=\"divider_inner divider_line1\">\n<hr \/>\n<\/div>\n<\/div>\n<div class=\"kc-elm kc-css-803335 kc_text_block\">\n<p><strong>Author<\/strong>: Carlos Vaquero Avil\u00e9s-Cascos<\/p>\n<p><strong>Title<\/strong>:\u00a0<a href=\"https:\/\/zaguan.unizar.es\/record\/7065?ln=en\">Robust Diarization for Speaker Characterization<\/a><\/p>\n<p><strong>Date<\/strong>: December 2011<\/p>\n<p><strong>Supervisor<\/strong>: Dr. Alfonso Ortega Gim\u00e9nez<\/p>\n<\/div>\n<div class=\"kc-elm kc-css-503532 divider_line\">\n<div class=\"divider_inner divider_line1\">\n<hr \/>\n<\/div>\n<\/div>\n<div class=\"kc-elm kc-css-339258 kc_text_block\">\n<p><strong>Author<\/strong>: William Ricardo Rodr\u00edguez Due\u00f1as<\/p>\n<p><strong>Title<\/strong>:\u00a0<a href=\"http:\/\/vivolab.unizar.es\/docs\/thesis_WRRD.pdf\">Application of Speech Technology in the Education of Children\u2019s Altered Voice<\/a><\/p>\n<p><strong>Date<\/strong>: October 2010<\/p>\n<p><strong>Supervisor<\/strong>: Dr. Eduardo Lleida Solano<\/p>\n<\/div>\n<div class=\"kc-elm kc-css-571092 divider_line\">\n<div class=\"divider_inner divider_line1\">\n<hr \/>\n<\/div>\n<\/div>\n<div class=\"kc-elm kc-css-246297 kc_text_block\">\n<p><strong>Author<\/strong>: Oscar Saz Torralba<\/p>\n<p><strong>Title<\/strong>: On-Line Personalization and Adaptation to Disorders and Variations of Speech on Automatic Speech Recognition Systems<\/p>\n<p><strong>Date<\/strong>: December 2009<\/p>\n<p><strong>Supervisor<\/strong>: Dr. Eduardo Lleida Solano<\/p>\n<\/div>\n<div class=\"kc-elm kc-css-425669 divider_line\">\n<div class=\"divider_inner divider_line1\">\n<hr \/>\n<\/div>\n<\/div>\n<div class=\"kc-elm kc-css-470494 kc_text_block\">\n<p><strong>Author<\/strong>: Antonio Miguel Artiaga<\/p>\n<p><strong>Title<\/strong>: Acoustic Modeling Advances for Speech Recognition<\/p>\n<p><strong>Date<\/strong>: December 2008<\/p>\n<p><strong>Supervisor<\/strong>: Dr. Eduardo Lleida Solano<\/p>\n<\/div>\n<div class=\"kc-elm kc-css-586470 divider_line\">\n<div class=\"divider_inner divider_line1\">\n<hr \/>\n<\/div>\n<\/div>\n<div class=\"kc-elm kc-css-284621 kc_text_block\">\n<p><strong>Author<\/strong>: Luis Buera Rodr\u00edguez<\/p>\n<p><strong>Title<\/strong>:\u00a0<a href=\"http:\/\/vivolab.unizar.es\/docs\/thesis_WRRD.pdf\">Normalizaci\u00f3n y Adaptaci\u00f3n a Entornos Ac\u00fasticos para la Robustez en Sistemas de Reconocimiento Autom\u00e1tico del Habla<\/a><\/p>\n<p><strong>Date<\/strong>: December 2007<\/p>\n<p><strong>Supervisor<\/strong>: Dr. Eduardo Lleida Solano<\/p>\n<\/div>\n<div class=\"kc-elm kc-css-305135 divider_line\">\n<div class=\"divider_inner divider_line1\">\n<hr \/>\n<\/div>\n<\/div>\n<div class=\"kc-elm kc-css-908907 kc_text_block\">\n<p><strong>Author<\/strong>: Jes\u00fas Guitarte P\u00e9rez<\/p>\n<p><strong>Title<\/strong>:\u00a0<a href=\"http:\/\/vivolab.unizar.es\/docs\/Thesis_Jesus_Guitarte.pdf\">Improvements in Speech Recognition for Embedded Devices by taking Advantage of Lip Reading Techniques<\/a><\/p>\n<p><strong>Date<\/strong>: June 2007<\/p>\n<p><strong>Supervisor<\/strong>: Dr. Eduardo Lleida Solano<\/p>\n<\/div>\n<div class=\"kc-elm kc-css-159317 divider_line\">\n<div class=\"divider_inner divider_line1\">\n<hr \/>\n<\/div>\n<\/div>\n<div class=\"kc-elm kc-css-820029 kc_text_block\">\n<p><strong>Author<\/strong>: Alfonso Ortega Gim\u00e9nez<\/p>\n<p><strong>Title<\/strong>: Sistema de refuerzo de voz para el interior de un veh\u00edculo a motor<\/p>\n<p><strong>Date<\/strong>: December 2005<\/p>\n<p><strong>Supervisor<\/strong>: Dr. Eduardo Lleida Solano<\/p>\n<\/div>\n<div class=\"kc-elm kc-css-54729 divider_line\">\n<div class=\"divider_inner divider_line1\">\n<hr \/>\n<\/div>\n<\/div>\n<div class=\"kc-elm kc-css-335563 kc_text_block\">\n<p><strong>Author<\/strong>: Julian Fernandez Navajas<\/p>\n<p><strong>Title<\/strong>: Segregaci\u00f3n de Fuentes Sonoras para reconocimiento autom\u00e1tico del habla<\/p>\n<p><strong>Date<\/strong>: November 2000<\/p>\n<p><strong>Supervisor<\/strong>: Dr. Eduardo Lleida Solano<\/p>\n<hr \/>\n<p>&nbsp;<\/p>\n<\/div>\n<\/div>\n<\/div><\/div><\/div><\/div><\/div>","protected":false},"excerpt":{"rendered":"","protected":false},"author":1,"featured_media":0,"parent":0,"menu_order":0,"comment_status":"closed","ping_status":"closed","template":"","meta":{"footnotes":""},"class_list":["post-5220","page","type-page","status-publish"],"_links":{"self":[{"href":"https:\/\/vivolab.i3a.es\/es\/wp-json\/wp\/v2\/pages\/5220","targetHints":{"allow":["GET"]}}],"collection":[{"href":"https:\/\/vivolab.i3a.es\/es\/wp-json\/wp\/v2\/pages"}],"about":[{"href":"https:\/\/vivolab.i3a.es\/es\/wp-json\/wp\/v2\/types\/page"}],"author":[{"embeddable":true,"href":"https:\/\/vivolab.i3a.es\/es\/wp-json\/wp\/v2\/users\/1"}],"replies":[{"embeddable":true,"href":"https:\/\/vivolab.i3a.es\/es\/wp-json\/wp\/v2\/comments?post=5220"}],"version-history":[{"count":4,"href":"https:\/\/vivolab.i3a.es\/es\/wp-json\/wp\/v2\/pages\/5220\/revisions"}],"predecessor-version":[{"id":5357,"href":"https:\/\/vivolab.i3a.es\/es\/wp-json\/wp\/v2\/pages\/5220\/revisions\/5357"}],"wp:attachment":[{"href":"https:\/\/vivolab.i3a.es\/es\/wp-json\/wp\/v2\/media?parent=5220"}],"curies":[{"name":"wp","href":"https:\/\/api.w.org\/{rel}","templated":true}]}}