{"id":3385,"date":"2022-03-29T14:20:05","date_gmt":"2022-03-29T12:20:05","guid":{"rendered":"https:\/\/wppruebas.i3a.es\/?page_id=3385"},"modified":"2023-05-08T11:13:58","modified_gmt":"2023-05-08T09:13:58","slug":"featured-projects","status":"publish","type":"page","link":"https:\/\/vivolab.i3a.es\/es\/featured-projects\/","title":{"rendered":"Proyectos destacados"},"content":{"rendered":"<div id=\"pl-gb3385-69efb4773123c\"  class=\"panel-layout\" ><div id=\"pg-gb3385-69efb4773123c-0\"  class=\"panel-grid panel-has-style\" ><div class=\"siteorigin-panels-stretch panel-row-style panel-row-style-for-gb3385-69efb4773123c-0\" data-stretch-type=\"full-width-stretch\" ><div id=\"pgc-gb3385-69efb4773123c-0-0\"  class=\"panel-grid-cell\" ><div id=\"panel-gb3385-69efb4773123c-0-0-0\" class=\"so-panel widget widget_sow-hero panel-first-child panel-last-child\" data-index=\"0\" ><div\n\t\t\t\n\t\t\tclass=\"so-widget-sow-hero so-widget-sow-hero-default-277c047652f8-3385 so-widget-fittext-wrapper\"\n\t\t\t data-fit-text-compressor=\"0.85\"\n\t\t>\t\t\t\t<div class=\"sow-slider-base\" style=\"display: none\" tabindex=\"0\">\n\t\t\t\t\t<ul\n\t\t\t\t\tclass=\"sow-slider-images\"\n\t\t\t\t\tdata-settings=\"{&quot;pagination&quot;:true,&quot;speed&quot;:800,&quot;timeout&quot;:8000,&quot;paused&quot;:false,&quot;pause_on_hover&quot;:false,&quot;swipe&quot;:true,&quot;nav_always_show_desktop&quot;:&quot;&quot;,&quot;nav_always_show_mobile&quot;:&quot;&quot;,&quot;breakpoint&quot;:&quot;780px&quot;,&quot;unmute&quot;:false,&quot;anchor&quot;:null}\"\n\t\t\t\t\t\t\t\t\t\tdata-anchor-id=\"\"\n\t\t\t\t>\t\t<li class=\"sow-slider-image  sow-slider-image-cover\" style=\"visibility: visible;;background-color: #333333;background-image: url(https:\/\/vivolab.i3a.es\/wp-content\/uploads\/2021\/07\/roonz-2xEQDxB0ss4-unsplash-scaled-1.jpg)\" >\n\t\t\t\t\t<div class=\"sow-slider-image-container\">\n\t\t\t<div class=\"sow-slider-image-wrapper\">\n\t\t\t\t<h1 style=\"text-align: center\">Proyectos<\/h1>\n\t\t\t<\/div>\n\t\t<\/div>\n\t\t\t\t<\/li>\n\t\t<\/ul>\t\t\t\t<ol class=\"sow-slider-pagination\">\n\t\t\t\t\t\t\t\t\t\t\t<li><a href=\"#\" data-goto=\"0\" aria-label=\"mostrar diapositiva 1\"><\/a><\/li>\n\t\t\t\t\t\t\t\t\t<\/ol>\n\n\t\t\t\t<div class=\"sow-slide-nav sow-slide-nav-next\">\n\t\t\t\t\t<a href=\"#\" data-goto=\"next\" aria-label=\"diapositiva siguiente\" data-action=\"next\">\n\t\t\t\t\t\t<em class=\"sow-sld-icon-thin-right\"><\/em>\n\t\t\t\t\t<\/a>\n\t\t\t\t<\/div>\n\n\t\t\t\t<div class=\"sow-slide-nav sow-slide-nav-prev\">\n\t\t\t\t\t<a href=\"#\" data-goto=\"previous\" aria-label=\"diapositiva anterior\" data-action=\"prev\">\n\t\t\t\t\t\t<em class=\"sow-sld-icon-thin-left\"><\/em>\n\t\t\t\t\t<\/a>\n\t\t\t\t<\/div>\n\t\t\t\t<\/div><\/div><\/div><\/div><\/div><\/div><\/div>\n\n<div  class=\"ultp-post-grid-block wp-block-ultimate-post-post-grid-2 ultp-block-4963c0\"><div class=\"ultp-block-wrapper\"><div class=\"ultp-loading\"><div class=\"ultp-loading-blocks\" style=\"width:100%;height:100%;\"><div style=\"left: 0;top: 0;animation-delay:0s;\"><\/div><div style=\"left: 21px;top: 0;animation-delay:0.125s;\"><\/div><div style=\"left: 42px;top: 0;animation-delay:0.25s;\"><\/div><div style=\"left: 0;top: 21px;animation-delay:0.875s;\"><\/div><div style=\"left: 42px;top: 21px;animation-delay:0.375s;\"><\/div><div style=\"left: 0;top: 42px;animation-delay:0.75s;\"><\/div><div style=\"left: 42px;top: 42px;animation-delay:0.625s;\"><\/div><div style=\"left: 21px;top: 42px;animation-delay:0.5s;\"><\/div><\/div><\/div><div class=\"ultp-heading-filter\"><div class=\"ultp-heading-filter-in\"><div class=\"ultp-heading-wrap ultp-heading-style1 ultp-heading-left\"><h2 class=\"ultp-heading-inner\"><span>Destacados<\/span><\/h2><\/div><\/div><\/div><div class=\"ultp-block-items-wrap ultp-block-row\"><div class=\"ultp-block-item post-id-4687\"><div class=\"ultp-block-content-wrap ultp-block-content-overlay\"><div class=\"ultp-block-image ultp-block-image-zoomOut ultp-block-image-overlay ultp-block-image-simgleGradient\"><a href=\"https:\/\/vivolab.i3a.es\/es\/2020-vivolab-t36_20r-gobierno-de-aragon\/\" ><img decoding=\"async\"  alt=\"2023: VIVOLAB-T36_23R | Gobierno de Arag\u00f3n\"  src=\"https:\/\/vivolab.i3a.es\/wp-content\/uploads\/2020\/01\/IMG_5599-scaled-1-870x570.jpg\" \/><\/a><\/div><div class=\"ultp-block-content ultp-block-content-bottomPosition\"><div class=\"ultp-block-content-inner\"><h3 class=\"ultp-block-title\"><a href=\"https:\/\/vivolab.i3a.es\/es\/2020-vivolab-t36_20r-gobierno-de-aragon\/\" >2023: VIVOLAB-T36_23R | Gobierno de Arag\u00f3n<\/a><\/h3><\/div><\/div><\/div><\/div><div class=\"ultp-block-item post-id-4697\"><div class=\"ultp-block-content-wrap ultp-block-content-overlay\"><div class=\"ultp-block-image ultp-block-image-zoomOut ultp-block-image-overlay ultp-block-image-simgleGradient\"><a href=\"https:\/\/vivolab.i3a.es\/es\/2021-exchanges-for-speech-research-and-technologies-esperanto-h2020-european-commission\/\" ><img decoding=\"async\"  alt=\"2021: Exchanges for SPEech ReseArch aNd TechnOlogies (ESPERANTO) | H2020 European Commission\"  src=\"https:\/\/vivolab.i3a.es\/wp-content\/uploads\/2021\/06\/map_esperanto-870x570.png\" \/><\/a><\/div><div class=\"ultp-block-content ultp-block-content-bottomPosition\"><div class=\"ultp-block-content-inner\"><h3 class=\"ultp-block-title\"><a href=\"https:\/\/vivolab.i3a.es\/es\/2021-exchanges-for-speech-research-and-technologies-esperanto-h2020-european-commission\/\" >2021: Exchanges for SPEech ReseArch aNd TechnOlogies (ESPERANTO) | H2020 European Commission<\/a><\/h3><\/div><\/div><\/div><\/div><div class=\"ultp-block-item post-id-4692\"><div class=\"ultp-block-content-wrap ultp-block-content-overlay\"><div class=\"ultp-block-image ultp-block-image-zoomOut ultp-block-image-overlay ultp-block-image-simgleGradient\"><a href=\"https:\/\/vivolab.i3a.es\/es\/2020-plataforma-de-transcripcion-traduccion-e-indexacion-de-video-etiqmedia\/\" ><img decoding=\"async\"  alt=\"2020: Plataforma de transcripci\u00f3n, traducci\u00f3n e indexaci\u00f3n de video | ETIQMEDIA\"  src=\"https:\/\/vivolab.i3a.es\/wp-content\/uploads\/2021\/07\/qtq80-Uqdl79-870x570.jpeg\" \/><\/a><\/div><div class=\"ultp-block-content ultp-block-content-bottomPosition\"><div class=\"ultp-block-content-inner\"><h3 class=\"ultp-block-title\"><a href=\"https:\/\/vivolab.i3a.es\/es\/2020-plataforma-de-transcripcion-traduccion-e-indexacion-de-video-etiqmedia\/\" >2020: Plataforma de transcripci\u00f3n, traducci\u00f3n e indexaci\u00f3n de video | ETIQMEDIA<\/a><\/h3><\/div><\/div><\/div><\/div><div class=\"ultp-block-item post-id-4690\"><div class=\"ultp-block-content-wrap ultp-block-content-overlay\"><div class=\"ultp-block-image ultp-block-image-zoomOut ultp-block-image-overlay ultp-block-image-simgleGradient\"><a href=\"https:\/\/vivolab.i3a.es\/es\/2020-monitorizacion-optica-distribuida-para-infraestructuras-de-transporte-inteligentes-ministerio-de-ciencia\/\" ><img decoding=\"async\"  alt=\"2020: Monitorizaci\u00f3n \u00f3ptica distribuida para infraestructuras de transporte inteligentes | Ministerio de Ciencia\"  src=\"https:\/\/vivolab.i3a.es\/wp-content\/uploads\/2021\/07\/image-870x570.png\" \/><\/a><\/div><div class=\"ultp-block-content ultp-block-content-bottomPosition\"><div class=\"ultp-block-content-inner\"><h3 class=\"ultp-block-title\"><a href=\"https:\/\/vivolab.i3a.es\/es\/2020-monitorizacion-optica-distribuida-para-infraestructuras-de-transporte-inteligentes-ministerio-de-ciencia\/\" >2020: Monitorizaci\u00f3n \u00f3ptica distribuida para infraestructuras de transporte inteligentes | Ministerio de Ciencia<\/a><\/h3><\/div><\/div><\/div><\/div><div class=\"ultp-block-item post-id-4685\"><div class=\"ultp-block-content-wrap ultp-block-content-overlay\"><div class=\"ultp-block-image ultp-block-image-zoomOut ultp-block-image-overlay ultp-block-image-simgleGradient\"><a href=\"https:\/\/vivolab.i3a.es\/es\/2019-tecnologias-del-habla-y-el-lenguaje-para-la-evaluacion-de-trastornos-de-la-comunicacion-thalento\/\" ><img decoding=\"async\"  alt=\"2019: Tecnolog\u00edas del Habla y el Lenguaje para la Evaluaci\u00f3n de Trastornos de la Comunicaci\u00f3n (THALENTO)\"  src=\"https:\/\/vivolab.i3a.es\/wp-content\/uploads\/2021\/07\/thalento.png\" \/><\/a><\/div><div class=\"ultp-block-content ultp-block-content-bottomPosition\"><div class=\"ultp-block-content-inner\"><h3 class=\"ultp-block-title\"><a href=\"https:\/\/vivolab.i3a.es\/es\/2019-tecnologias-del-habla-y-el-lenguaje-para-la-evaluacion-de-trastornos-de-la-comunicacion-thalento\/\" >2019: Tecnolog\u00edas del Habla y el Lenguaje para la Evaluaci\u00f3n de Trastornos de la Comunicaci\u00f3n (THALENTO)<\/a><\/h3><\/div><\/div><\/div><\/div><div class=\"ultp-block-item post-id-4678\"><div class=\"ultp-block-content-wrap ultp-block-content-overlay\"><div class=\"ultp-block-image ultp-block-image-zoomOut ultp-block-image-overlay ultp-block-image-simgleGradient\"><a href=\"https:\/\/vivolab.i3a.es\/es\/2019-speech-enhancement-system-for-telephone-conversations-sonoc\/\" ><img decoding=\"async\"  alt=\"2019: Speech Enhancement System for Telephone Conversations | SONOC\"  src=\"https:\/\/vivolab.i3a.es\/wp-content\/uploads\/2021\/07\/audio_edit_v2-870x395.jpg\" \/><\/a><\/div><div class=\"ultp-block-content ultp-block-content-bottomPosition\"><div class=\"ultp-block-content-inner\"><h3 class=\"ultp-block-title\"><a href=\"https:\/\/vivolab.i3a.es\/es\/2019-speech-enhancement-system-for-telephone-conversations-sonoc\/\" >2019: Speech Enhancement System for Telephone Conversations | SONOC<\/a><\/h3><\/div><\/div><\/div><\/div><div class=\"ultp-block-item post-id-4694\"><div class=\"ultp-block-content-wrap ultp-block-content-overlay\"><div class=\"ultp-block-image ultp-block-image-zoomOut ultp-block-image-overlay ultp-block-image-simgleGradient\"><a href=\"https:\/\/vivolab.i3a.es\/es\/2019-speaker-verification-and-text-topic-identification-agnitio-nuance\/\" ><img decoding=\"async\"  alt=\"2019: Speaker Verification and Text Topic Identification | AGNITIO-NUANCE\"  src=\"https:\/\/vivolab.i3a.es\/wp-content\/uploads\/2021\/06\/cellphone-e1625745973726-870x570.jpg\" \/><\/a><\/div><div class=\"ultp-block-content ultp-block-content-bottomPosition\"><div class=\"ultp-block-content-inner\"><h3 class=\"ultp-block-title\"><a href=\"https:\/\/vivolab.i3a.es\/es\/2019-speaker-verification-and-text-topic-identification-agnitio-nuance\/\" >2019: Speaker Verification and Text Topic Identification | AGNITIO-NUANCE<\/a><\/h3><\/div><\/div><\/div><\/div><div class=\"ultp-block-item post-id-4670\"><div class=\"ultp-block-content-wrap ultp-block-content-overlay\"><div class=\"ultp-block-image ultp-block-image-zoomOut ultp-block-image-overlay ultp-block-image-simgleGradient\"><a href=\"https:\/\/vivolab.i3a.es\/es\/2018-affective-analysis-of-multimedia-info-with-inclusive-and-natural-comm-ministerio-de-economia\/\" ><img decoding=\"async\"  alt=\"2018: Affective analysis of multimedia info. with inclusive and natural comm. | Ministerio de Econom\u00eda\"  src=\"https:\/\/vivolab.i3a.es\/wp-content\/uploads\/2018\/01\/amic-01.jpg\" \/><\/a><\/div><div class=\"ultp-block-content ultp-block-content-bottomPosition\"><div class=\"ultp-block-content-inner\"><h3 class=\"ultp-block-title\"><a href=\"https:\/\/vivolab.i3a.es\/es\/2018-affective-analysis-of-multimedia-info-with-inclusive-and-natural-comm-ministerio-de-economia\/\" >2018: Affective analysis of multimedia info. with inclusive and natural comm. | Ministerio de Econom\u00eda<\/a><\/h3><\/div><\/div><\/div><\/div><div class=\"ultp-block-item post-id-4662\"><div class=\"ultp-block-content-wrap ultp-block-content-overlay\"><div class=\"ultp-block-image ultp-block-image-zoomOut ultp-block-image-overlay ultp-block-image-simgleGradient\"><a href=\"https:\/\/vivolab.i3a.es\/es\/2017-catedra-rtve-unizar-rtve\/\" ><img decoding=\"async\"  alt=\"jornada-Irtve20210317\"  src=\"https:\/\/vivolab.i3a.es\/wp-content\/uploads\/2021\/05\/jornada-Irtve20210317-870x570.jpg\" \/><\/a><\/div><div class=\"ultp-block-content ultp-block-content-bottomPosition\"><div class=\"ultp-block-content-inner\"><h3 class=\"ultp-block-title\"><a href=\"https:\/\/vivolab.i3a.es\/es\/2017-catedra-rtve-unizar-rtve\/\" >2017: CATEDRA RTVE \u2013 UNIZAR | RTVE<\/a><\/h3><\/div><\/div><\/div><\/div><\/div><\/div><div class=\"pagination-block-html\" aria-hidden=\"true\" style=\"display: none;\"><\/div><\/div>\n\n<div id=\"pl-gb3385-69efb477384f5\"  class=\"panel-layout oculto\" ><div id=\"pg-gb3385-69efb477384f5-0\"  class=\"panel-grid panel-no-style\" ><div id=\"pgc-gb3385-69efb477384f5-0-0\"  class=\"panel-grid-cell\" ><div id=\"panel-gb3385-69efb477384f5-0-0-0\" class=\"so-panel widget widget_sow-headline panel-first-child panel-last-child\" data-index=\"0\" ><div class=\"titulo-similar panel-widget-style panel-widget-style-for-gb3385-69efb477384f5-0-0-0\" ><div\n\t\t\t\n\t\t\tclass=\"so-widget-sow-headline so-widget-sow-headline-default-c5e2411f3193-3385\"\n\t\t\t\n\t\t><div class=\"sow-headline-container\">\n\t\t\t\t\t\t\t<h2 class=\"sow-headline\">\n\t\t\t\t\t\tDestacados\t\t\t\t\t\t<\/h2>\n\t\t\t\t\t\t\t\t\t\t\t<div class=\"decoration\">\n\t\t\t\t\t\t<div class=\"decoration-inside\"><\/div>\n\t\t\t\t\t<\/div>\n\t\t\t\t\t<\/div>\n<\/div><\/div><\/div><\/div><\/div><div id=\"pg-gb3385-69efb477384f5-1\"  class=\"panel-grid panel-no-style\" ><div id=\"pgc-gb3385-69efb477384f5-1-0\"  class=\"panel-grid-cell\" ><div id=\"panel-gb3385-69efb477384f5-1-0-0\" class=\"so-panel widget widget_nav_menu panel-first-child panel-last-child\" data-index=\"1\" ><div class=\"panel-widget-style panel-widget-style-for-gb3385-69efb477384f5-1-0-0\" ><h3 class=\"widget-title\">CATEGORIES:<\/h3><div class=\"menu-projects-container\"><ul id=\"menu-projects\" class=\"menu\"><li id=\"menu-item-5284\" class=\"menu-item menu-item-type-post_type menu-item-object-page menu-item-5284\"><a href=\"https:\/\/vivolab.i3a.es\/es\/featured-projects\/\">Destacados<\/a><\/li>\n<li id=\"menu-item-4590\" class=\"menu-item menu-item-type-post_type menu-item-object-page menu-item-4590\"><a href=\"https:\/\/vivolab.i3a.es\/es\/audio-processing\/\">Audio processing<\/a><\/li>\n<li id=\"menu-item-4626\" class=\"menu-item menu-item-type-post_type menu-item-object-page menu-item-4626\"><a href=\"https:\/\/vivolab.i3a.es\/es\/aumentative-and-alternative-comm-paralinguistics\/\">Aumentative and alternative comm. &amp; paralinguistics<\/a><\/li>\n<li id=\"menu-item-4633\" class=\"menu-item menu-item-type-post_type menu-item-object-page menu-item-4633\"><a href=\"https:\/\/vivolab.i3a.es\/es\/biometrics\/\">Biometrics<\/a><\/li>\n<li id=\"menu-item-4638\" class=\"menu-item menu-item-type-post_type menu-item-object-page menu-item-4638\"><a href=\"https:\/\/vivolab.i3a.es\/es\/multimedia-content-retrieval-and-indexing\/\">Multimedia content retrieval and indexing<\/a><\/li>\n<li id=\"menu-item-5127\" class=\"menu-item menu-item-type-post_type menu-item-object-page menu-item-5127\"><a href=\"https:\/\/vivolab.i3a.es\/es\/technologies-for-human-machine-interaction-projects\/\">Technologies for human-machine interaction<\/a><\/li>\n<\/ul><\/div><\/div><\/div><\/div><div id=\"pgc-gb3385-69efb477384f5-1-1\"  class=\"panel-grid-cell\" ><div id=\"panel-gb3385-69efb477384f5-1-1-0\" class=\"so-panel widget widget_sow-blog panel-first-child panel-last-child\" data-index=\"2\" ><div\n\t\t\t\n\t\t\tclass=\"so-widget-sow-blog so-widget-sow-blog-standard-6a057764080f-3385\"\n\t\t\t\n\t\t>\t\t<div\n\t\tclass=\"sow-blog sow-blog-layout-standard\"\n\t\tdata-template=\"standard\"\n\t\tdata-settings=\"{&quot;columns&quot;:false,&quot;featured_image_size&quot;:&quot;full&quot;,&quot;featured_image_size_width&quot;:&quot;&quot;,&quot;featured_image_size_height&quot;:&quot;&quot;,&quot;tag&quot;:&quot;p&quot;,&quot;content&quot;:&quot;excerpt&quot;,&quot;read_more&quot;:true,&quot;excerpt_length&quot;:55,&quot;filter_categories&quot;:false,&quot;so_field_container_state&quot;:&quot;open&quot;,&quot;featured_image&quot;:false,&quot;date&quot;:false,&quot;author&quot;:false,&quot;categories&quot;:false,&quot;tags&quot;:false,&quot;comment_count&quot;:false,&quot;featured_image_empty&quot;:true,&quot;trim_manual_excerpt&quot;:&quot;&quot;,&quot;template&quot;:&quot;standard&quot;}\"\n\t\tdata-paged=\"1\"\n\t\tdata-paging-id=\"6a057764080f\"\n\t\tdata-total-pages=\"0\"\n\t\tdata-hash=\"4450538f\"\n\t>\n\t\t\n\t\t\t\t\t\t\t<div class=\"sow-blog-posts\">\n\t\t\t\t<article id=\"post-4687\" class=\"post-4687 post type-post status-publish format-standard has-post-thumbnail hentry category-featured-projects category-projects category-technologies-for-human-machine-interaction\" style=\"margin: 0 0 40px\">\n\t\t\t\t<div class=\"sow-blog-content-wrapper\"\n\t\t style=\"padding: 25px 30px 38px;\">\n\t\t\t\t<header class=\"sow-entry-header\">\n\t\t\t<p class=\"sow-entry-title\" style=\"margin: 0 0 5px;\"><a href=\"https:\/\/vivolab.i3a.es\/es\/2020-vivolab-t36_20r-gobierno-de-aragon\/\" rel=\"bookmark\">2023: VIVOLAB-T36_23R | Gobierno de Arag\u00f3n<\/a><\/p>\t\t\t<div class=\"sow-entry-meta\">\n\t\t\t\t\n\t\t\n\t\t\n\t\t\t\t\t<\/div>\n\t\t<\/header>\n\n\t\t\t\t\t<div\n\t\t\t\tclass=\"sow-entry-content\"\n\t\t\t\tstyle=\"margin-top: 20px;\"\n\t\t\t>\n\t\t\t\t<p><\/p>\t\t\t<\/div>\n\t\t\t\t<\/div>\n<\/article>\n<article id=\"post-4697\" class=\"post-4697 post type-post status-publish format-standard has-post-thumbnail hentry category-aumentative-and-alternative-communication-paralinguistics category-biometrics category-featured-projects category-projects\" style=\"margin: 0 0 40px\">\n\t\t\t\t<div class=\"sow-blog-content-wrapper\"\n\t\t style=\"padding: 25px 30px 38px;\">\n\t\t\t\t<header class=\"sow-entry-header\">\n\t\t\t<p class=\"sow-entry-title\" style=\"margin: 0 0 5px;\"><a href=\"https:\/\/vivolab.i3a.es\/es\/2021-exchanges-for-speech-research-and-technologies-esperanto-h2020-european-commission\/\" rel=\"bookmark\">2021: Exchanges for SPEech ReseArch aNd TechnOlogies (ESPERANTO) | H2020 European Commission<\/a><\/p>\t\t\t<div class=\"sow-entry-meta\">\n\t\t\t\t\n\t\t\n\t\t\n\t\t\t\t\t<\/div>\n\t\t<\/header>\n\n\t\t\t\t\t<div\n\t\t\t\tclass=\"sow-entry-content\"\n\t\t\t\tstyle=\"margin-top: 20px;\"\n\t\t\t>\n\t\t\t\t<p><\/p>\t\t\t<\/div>\n\t\t\t\t<\/div>\n<\/article>\n<article id=\"post-4692\" class=\"post-4692 post type-post status-publish format-standard has-post-thumbnail hentry category-featured-projects category-multimedia-content-retrieval-and-indexing category-projects\" style=\"margin: 0 0 40px\">\n\t\t\t\t<div class=\"sow-blog-content-wrapper\"\n\t\t style=\"padding: 25px 30px 38px;\">\n\t\t\t\t<header class=\"sow-entry-header\">\n\t\t\t<p class=\"sow-entry-title\" style=\"margin: 0 0 5px;\"><a href=\"https:\/\/vivolab.i3a.es\/es\/2020-plataforma-de-transcripcion-traduccion-e-indexacion-de-video-etiqmedia\/\" rel=\"bookmark\">2020: Plataforma de transcripci\u00f3n, traducci\u00f3n e indexaci\u00f3n de video | ETIQMEDIA<\/a><\/p>\t\t\t<div class=\"sow-entry-meta\">\n\t\t\t\t\n\t\t\n\t\t\n\t\t\t\t\t<\/div>\n\t\t<\/header>\n\n\t\t\t\t\t<div\n\t\t\t\tclass=\"sow-entry-content\"\n\t\t\t\tstyle=\"margin-top: 20px;\"\n\t\t\t>\n\t\t\t\t<p><\/p>\t\t\t<\/div>\n\t\t\t\t<\/div>\n<\/article>\n<article id=\"post-4690\" class=\"post-4690 post type-post status-publish format-standard has-post-thumbnail hentry category-audio-processing category-featured-projects category-projects\" style=\"margin: 0 0 40px\">\n\t\t\t\t<div class=\"sow-blog-content-wrapper\"\n\t\t style=\"padding: 25px 30px 38px;\">\n\t\t\t\t<header class=\"sow-entry-header\">\n\t\t\t<p class=\"sow-entry-title\" style=\"margin: 0 0 5px;\"><a href=\"https:\/\/vivolab.i3a.es\/es\/2020-monitorizacion-optica-distribuida-para-infraestructuras-de-transporte-inteligentes-ministerio-de-ciencia\/\" rel=\"bookmark\">2020: Monitorizaci\u00f3n \u00f3ptica distribuida para infraestructuras de transporte inteligentes | Ministerio de Ciencia<\/a><\/p>\t\t\t<div class=\"sow-entry-meta\">\n\t\t\t\t\n\t\t\n\t\t\n\t\t\t\t\t<\/div>\n\t\t<\/header>\n\n\t\t\t\t\t<div\n\t\t\t\tclass=\"sow-entry-content\"\n\t\t\t\tstyle=\"margin-top: 20px;\"\n\t\t\t>\n\t\t\t\t<p><\/p>\t\t\t<\/div>\n\t\t\t\t<\/div>\n<\/article>\n<article id=\"post-4685\" class=\"post-4685 post type-post status-publish format-standard has-post-thumbnail hentry category-aumentative-and-alternative-communication-paralinguistics category-featured-projects category-projects\" style=\"margin: 0 0 40px\">\n\t\t\t\t<div class=\"sow-blog-content-wrapper\"\n\t\t style=\"padding: 25px 30px 38px;\">\n\t\t\t\t<header class=\"sow-entry-header\">\n\t\t\t<p class=\"sow-entry-title\" style=\"margin: 0 0 5px;\"><a href=\"https:\/\/vivolab.i3a.es\/es\/2019-tecnologias-del-habla-y-el-lenguaje-para-la-evaluacion-de-trastornos-de-la-comunicacion-thalento\/\" rel=\"bookmark\">2019: Tecnolog\u00edas del Habla y el Lenguaje para la Evaluaci\u00f3n de Trastornos de la Comunicaci\u00f3n (THALENTO)<\/a><\/p>\t\t\t<div class=\"sow-entry-meta\">\n\t\t\t\t\n\t\t\n\t\t\n\t\t\t\t\t<\/div>\n\t\t<\/header>\n\n\t\t\t\t\t<div\n\t\t\t\tclass=\"sow-entry-content\"\n\t\t\t\tstyle=\"margin-top: 20px;\"\n\t\t\t>\n\t\t\t\t<p><\/p>\t\t\t<\/div>\n\t\t\t\t<\/div>\n<\/article>\n<article id=\"post-4678\" class=\"post-4678 post type-post status-publish format-standard has-post-thumbnail hentry category-audio-processing category-featured-projects category-projects\" style=\"margin: 0 0 40px\">\n\t\t\t\t<div class=\"sow-blog-content-wrapper\"\n\t\t style=\"padding: 25px 30px 38px;\">\n\t\t\t\t<header class=\"sow-entry-header\">\n\t\t\t<p class=\"sow-entry-title\" style=\"margin: 0 0 5px;\"><a href=\"https:\/\/vivolab.i3a.es\/es\/2019-speech-enhancement-system-for-telephone-conversations-sonoc\/\" rel=\"bookmark\">2019: Speech Enhancement System for Telephone Conversations | SONOC<\/a><\/p>\t\t\t<div class=\"sow-entry-meta\">\n\t\t\t\t\n\t\t\n\t\t\n\t\t\t\t\t<\/div>\n\t\t<\/header>\n\n\t\t\t\t\t<div\n\t\t\t\tclass=\"sow-entry-content\"\n\t\t\t\tstyle=\"margin-top: 20px;\"\n\t\t\t>\n\t\t\t\t<p><\/p>\t\t\t<\/div>\n\t\t\t\t<\/div>\n<\/article>\n<article id=\"post-4694\" class=\"post-4694 post type-post status-publish format-standard has-post-thumbnail hentry category-biometrics category-featured-projects category-projects\" style=\"margin: 0 0 40px\">\n\t\t\t\t<div class=\"sow-blog-content-wrapper\"\n\t\t style=\"padding: 25px 30px 38px;\">\n\t\t\t\t<header class=\"sow-entry-header\">\n\t\t\t<p class=\"sow-entry-title\" style=\"margin: 0 0 5px;\"><a href=\"https:\/\/vivolab.i3a.es\/es\/2019-speaker-verification-and-text-topic-identification-agnitio-nuance\/\" rel=\"bookmark\">2019: Speaker Verification and Text Topic Identification | AGNITIO-NUANCE<\/a><\/p>\t\t\t<div class=\"sow-entry-meta\">\n\t\t\t\t\n\t\t\n\t\t\n\t\t\t\t\t<\/div>\n\t\t<\/header>\n\n\t\t\t\t\t<div\n\t\t\t\tclass=\"sow-entry-content\"\n\t\t\t\tstyle=\"margin-top: 20px;\"\n\t\t\t>\n\t\t\t\t<p><\/p>\t\t\t<\/div>\n\t\t\t\t<\/div>\n<\/article>\n<article id=\"post-4670\" class=\"post-4670 post type-post status-publish format-standard has-post-thumbnail hentry category-aumentative-and-alternative-communication-paralinguistics category-featured-projects category-projects category-technologies-for-human-machine-interaction\" style=\"margin: 0 0 40px\">\n\t\t\t\t<div class=\"sow-blog-content-wrapper\"\n\t\t style=\"padding: 25px 30px 38px;\">\n\t\t\t\t<header class=\"sow-entry-header\">\n\t\t\t<p class=\"sow-entry-title\" style=\"margin: 0 0 5px;\"><a href=\"https:\/\/vivolab.i3a.es\/es\/2018-affective-analysis-of-multimedia-info-with-inclusive-and-natural-comm-ministerio-de-economia\/\" rel=\"bookmark\">2018: Affective analysis of multimedia info. with inclusive and natural comm. | Ministerio de Econom\u00eda<\/a><\/p>\t\t\t<div class=\"sow-entry-meta\">\n\t\t\t\t\n\t\t\n\t\t\n\t\t\t\t\t<\/div>\n\t\t<\/header>\n\n\t\t\t\t\t<div\n\t\t\t\tclass=\"sow-entry-content\"\n\t\t\t\tstyle=\"margin-top: 20px;\"\n\t\t\t>\n\t\t\t\t<p><\/p>\t\t\t<\/div>\n\t\t\t\t<\/div>\n<\/article>\n<article id=\"post-4662\" class=\"post-4662 post type-post status-publish format-standard has-post-thumbnail hentry category-featured-projects category-multimedia-content-retrieval-and-indexing category-projects category-technologies-for-human-machine-interaction\" style=\"margin: 0 0 40px\">\n\t\t\t\t<div class=\"sow-blog-content-wrapper\"\n\t\t style=\"padding: 25px 30px 38px;\">\n\t\t\t\t<header class=\"sow-entry-header\">\n\t\t\t<p class=\"sow-entry-title\" style=\"margin: 0 0 5px;\"><a href=\"https:\/\/vivolab.i3a.es\/es\/2017-catedra-rtve-unizar-rtve\/\" rel=\"bookmark\">2017: CATEDRA RTVE \u2013 UNIZAR | RTVE<\/a><\/p>\t\t\t<div class=\"sow-entry-meta\">\n\t\t\t\t\n\t\t\n\t\t\n\t\t\t\t\t<\/div>\n\t\t<\/header>\n\n\t\t\t\t\t<div\n\t\t\t\tclass=\"sow-entry-content\"\n\t\t\t\tstyle=\"margin-top: 20px;\"\n\t\t\t>\n\t\t\t\t<p><\/p>\t\t\t<\/div>\n\t\t\t\t<\/div>\n<\/article>\n\t\t\t<\/div>\n\t\t\t\t\t\t\t\t<\/div>\n\t<\/div><\/div><\/div><\/div><\/div>","protected":false},"excerpt":{"rendered":"","protected":false},"author":1,"featured_media":0,"parent":0,"menu_order":0,"comment_status":"closed","ping_status":"closed","template":"","meta":{"footnotes":""},"class_list":["post-3385","page","type-page","status-publish"],"_links":{"self":[{"href":"https:\/\/vivolab.i3a.es\/es\/wp-json\/wp\/v2\/pages\/3385","targetHints":{"allow":["GET"]}}],"collection":[{"href":"https:\/\/vivolab.i3a.es\/es\/wp-json\/wp\/v2\/pages"}],"about":[{"href":"https:\/\/vivolab.i3a.es\/es\/wp-json\/wp\/v2\/types\/page"}],"author":[{"embeddable":true,"href":"https:\/\/vivolab.i3a.es\/es\/wp-json\/wp\/v2\/users\/1"}],"replies":[{"embeddable":true,"href":"https:\/\/vivolab.i3a.es\/es\/wp-json\/wp\/v2\/comments?post=3385"}],"version-history":[{"count":30,"href":"https:\/\/vivolab.i3a.es\/es\/wp-json\/wp\/v2\/pages\/3385\/revisions"}],"predecessor-version":[{"id":5313,"href":"https:\/\/vivolab.i3a.es\/es\/wp-json\/wp\/v2\/pages\/3385\/revisions\/5313"}],"wp:attachment":[{"href":"https:\/\/vivolab.i3a.es\/es\/wp-json\/wp\/v2\/media?parent=3385"}],"curies":[{"name":"wp","href":"https:\/\/api.w.org\/{rel}","templated":true}]}}